{"id":204,"date":"2016-04-04T21:46:47","date_gmt":"2016-04-04T21:46:47","guid":{"rendered":"http:\/\/kburra.nl\/jorandijkstra\/?page_id=204"},"modified":"2023-04-03T21:02:54","modified_gmt":"2023-04-03T20:02:54","slug":"trommelslager","status":"publish","type":"page","link":"https:\/\/www.dijkstradrums.nl\/jorandijkstra\/trommelslager\/","title":{"rendered":"Trommelslager"},"content":{"rendered":"<p>Op de lijst van immaterieel cultureel erfgoed staat een bijzondere traditie: De Trommelslager van Hoogeveen. Ik ben \u00e9\u00e9n van de offici\u00eble trommelslagers en vind het prachtig om deze oude traditie in ere te houden. De trommelslager is actief bij speciale gelegenheden en evenementen. Ook heb ik hier een leuke educatieve workshop over!<\/p>\n\n\n<p><\/p>\n\n\n\n<figure class=\"wp-block-image size-full is-resized\"><img loading=\"lazy\" decoding=\"async\" src=\"https:\/\/www.dijkstradrums.nl\/jorandijkstra\/wp-content\/uploads\/2023\/02\/Promo-workshop.png\" alt=\"\" class=\"wp-image-594\" width=\"292\" height=\"350\"\/><\/figure>\n","protected":false},"excerpt":{"rendered":"<p>Op de lijst van immaterieel cultureel erfgoed staat een bijzondere traditie: De Trommelslager van Hoogeveen. Ik ben \u00e9\u00e9n van de offici\u00eble trommelslagers en vind het prachtig om deze oude traditie in ere te houden. De trommelslager is actief bij speciale &hellip; <a href=\"https:\/\/www.dijkstradrums.nl\/jorandijkstra\/trommelslager\/\">Lees verder <span class=\"meta-nav\">&rarr;<\/span><\/a><\/p>\n","protected":false},"author":1,"featured_media":0,"parent":0,"menu_order":5,"comment_status":"closed","ping_status":"closed","template":"sidebar-page.php","meta":{"footnotes":""},"_links":{"self":[{"href":"https:\/\/www.dijkstradrums.nl\/jorandijkstra\/wp-json\/wp\/v2\/pages\/204"}],"collection":[{"href":"https:\/\/www.dijkstradrums.nl\/jorandijkstra\/wp-json\/wp\/v2\/pages"}],"about":[{"href":"https:\/\/www.dijkstradrums.nl\/jorandijkstra\/wp-json\/wp\/v2\/types\/page"}],"author":[{"embeddable":true,"href":"https:\/\/www.dijkstradrums.nl\/jorandijkstra\/wp-json\/wp\/v2\/users\/1"}],"replies":[{"embeddable":true,"href":"https:\/\/www.dijkstradrums.nl\/jorandijkstra\/wp-json\/wp\/v2\/comments?post=204"}],"version-history":[{"count":15,"href":"https:\/\/www.dijkstradrums.nl\/jorandijkstra\/wp-json\/wp\/v2\/pages\/204\/revisions"}],"predecessor-version":[{"id":646,"href":"https:\/\/www.dijkstradrums.nl\/jorandijkstra\/wp-json\/wp\/v2\/pages\/204\/revisions\/646"}],"wp:attachment":[{"href":"https:\/\/www.dijkstradrums.nl\/jorandijkstra\/wp-json\/wp\/v2\/media?parent=204"}],"curies":[{"name":"wp","href":"https:\/\/api.w.org\/{rel}","templated":true}]}}